{"id":207,"date":"2021-04-25T17:12:02","date_gmt":"2021-04-25T15:12:02","guid":{"rendered":"https:\/\/www.malindiluxoryapartments.com\/?page_id=207"},"modified":"2021-10-13T22:41:42","modified_gmt":"2021-10-13T20:41:42","slug":"natura-cultura-sport","status":"publish","type":"page","link":"https:\/\/it.granchimalindi.com\/index.php\/natura-cultura-sport\/","title":{"rendered":"Natura, Cultura e Sport"},"content":{"rendered":"\n<p>A Malindi ci sono diverse interessanti escursioni a seconda degli interessi.<\/p>\n\n\n\n<p><strong>SPORT <\/strong><br>\u2022 Kite surf<br>\u2022 Immersione subacquea<br>\u2022 Snorkeling<br>\u2022 Golf<br>\u2022 Campo da tennis presso una struttura vicina<\/p>\n\n\n\n<p><br><strong>ESCURSIONI &#8211; NATURA:<\/strong><br>\u2022 <strong>Safari<\/strong> di una o pi\u00f9 notti in uno dei meravigliosi parchi del Kenya; il pi\u00f9 vicino alla propriet\u00e0 \u00e8 il parco <em>Tsavo East<\/em>. <br>Per chi ha pi\u00f9 tempo ci sono anche altri parchi pi\u00f9 lontani, come per esempio <em>Amboseli<\/em>, <em>Masai Mara<\/em>, <em>Nakuru<\/em>, <em>Aberdeer<\/em>.<br>\u2022 Foresta <strong>Arabuko Sokoke<\/strong>, una passeggiata in un concentrato di flora e fauna meravigliose. Ci sono specie che esistono solo all\u2019interno di questa foresta.<br>\u2022 <strong>Marafa<\/strong>, la fucina del diavolo. Una &#8220;depressione naturale&#8221;, una formazione rocciosa dalle vive tonalit\u00e0 rossastre che    ricorda un canyon.<br>\u2022 <strong>Safari Blue<\/strong>, una giornata in mare con barbecue in spiaggia.<\/p>\n\n\n\n<p><br><strong> DA VEDERE<\/strong>:<br> \u2022 Osservazione Balene e Delfini<br> \u2022 Gede, la citt\u00e0 morta, con le rovine di un autentico villaggio Swahili<br> \u2022 Centro storico di Malindi<br> \u2022 Pilastro di Vasco da Gama<br> \u2022 Cappella portoghese<br> \u2022 Museo di Malindi<\/p>\n\n\n\n<div style=\"height:15px\" aria-hidden=\"true\" class=\"wp-block-spacer\"><\/div>\n\n\n\n<figure class=\"wp-block-gallery columns-3 is-cropped\"><ul class=\"blocks-gallery-grid\"><li class=\"blocks-gallery-item\"><figure><img loading=\"lazy\" width=\"750\" height=\"450\" src=\"https:\/\/it.granchimalindi.com\/wp-content\/uploads\/2021\/04\/zebras-at-tsavo-east-750x450-1.jpg\" alt=\"\" data-id=\"212\" data-link=\"https:\/\/www.malindiluxuryapartments.com\/?attachment_id=212\" class=\"wp-image-212\" srcset=\"https:\/\/it.granchimalindi.com\/wp-content\/uploads\/2021\/04\/zebras-at-tsavo-east-750x450-1.jpg 750w, https:\/\/it.granchimalindi.com\/wp-content\/uploads\/2021\/04\/zebras-at-tsavo-east-750x450-1-300x180.jpg 300w\" sizes=\"(max-width: 750px) 100vw, 750px\" \/><\/figure><\/li><li class=\"blocks-gallery-item\"><figure><img loading=\"lazy\" width=\"279\" height=\"180\" src=\"https:\/\/it.granchimalindi.com\/wp-content\/uploads\/2021\/04\/images.jpg\" alt=\"\" data-id=\"213\" data-link=\"https:\/\/www.malindiluxuryapartments.com\/?attachment_id=213\" class=\"wp-image-213\"\/><\/figure><\/li><li class=\"blocks-gallery-item\"><figure><img loading=\"lazy\" width=\"300\" height=\"168\" src=\"https:\/\/it.granchimalindi.com\/wp-content\/uploads\/2021\/08\/marafa.jpg\" alt=\"\" data-id=\"353\" data-full-url=\"https:\/\/it.granchimalindi.com\/wp-content\/uploads\/2021\/08\/marafa.jpg\" data-link=\"https:\/\/www.malindiluxuryapartments.com\/?attachment_id=353\" class=\"wp-image-353\"\/><\/figure><\/li><li class=\"blocks-gallery-item\"><figure><img loading=\"lazy\" width=\"800\" height=\"712\" src=\"https:\/\/it.granchimalindi.com\/wp-content\/uploads\/2021\/08\/watching_dolphins_s.jpg\" alt=\"\" data-id=\"345\" data-link=\"https:\/\/www.malindiluxuryapartments.com\/?attachment_id=345\" class=\"wp-image-345\" srcset=\"https:\/\/it.granchimalindi.com\/wp-content\/uploads\/2021\/08\/watching_dolphins_s.jpg 800w, https:\/\/it.granchimalindi.com\/wp-content\/uploads\/2021\/08\/watching_dolphins_s-300x267.jpg 300w, https:\/\/it.granchimalindi.com\/wp-content\/uploads\/2021\/08\/watching_dolphins_s-768x684.jpg 768w\" sizes=\"(max-width: 800px) 100vw, 800px\" \/><\/figure><\/li><li class=\"blocks-gallery-item\"><figure><img loading=\"lazy\" width=\"1024\" height=\"683\" src=\"https:\/\/it.granchimalindi.com\/wp-content\/uploads\/2021\/04\/Kitesurf-Sardegna-San-Teodoro-1024x683.jpg\" alt=\"\" data-id=\"214\" data-link=\"https:\/\/www.malindiluxuryapartments.com\/?attachment_id=214\" class=\"wp-image-214\" srcset=\"https:\/\/it.granchimalindi.com\/wp-content\/uploads\/2021\/04\/Kitesurf-Sardegna-San-Teodoro-1024x683.jpg 1024w, https:\/\/it.granchimalindi.com\/wp-content\/uploads\/2021\/04\/Kitesurf-Sardegna-San-Teodoro-300x200.jpg 300w, https:\/\/it.granchimalindi.com\/wp-content\/uploads\/2021\/04\/Kitesurf-Sardegna-San-Teodoro-768x512.jpg 768w, https:\/\/it.granchimalindi.com\/wp-content\/uploads\/2021\/04\/Kitesurf-Sardegna-San-Teodoro-1536x1024.jpg 1536w, https:\/\/it.granchimalindi.com\/wp-content\/uploads\/2021\/04\/Kitesurf-Sardegna-San-Teodoro.jpg 1920w\" sizes=\"(max-width: 1024px) 100vw, 1024px\" \/><\/figure><\/li><li class=\"blocks-gallery-item\"><figure><img loading=\"lazy\" width=\"800\" height=\"450\" src=\"https:\/\/it.granchimalindi.com\/wp-content\/uploads\/2021\/08\/watching_wales_s.jpg\" alt=\"\" data-id=\"346\" data-link=\"https:\/\/www.malindiluxuryapartments.com\/?attachment_id=346\" class=\"wp-image-346\" srcset=\"https:\/\/it.granchimalindi.com\/wp-content\/uploads\/2021\/08\/watching_wales_s.jpg 800w, https:\/\/it.granchimalindi.com\/wp-content\/uploads\/2021\/08\/watching_wales_s-300x169.jpg 300w, https:\/\/it.granchimalindi.com\/wp-content\/uploads\/2021\/08\/watching_wales_s-768x432.jpg 768w\" sizes=\"(max-width: 800px) 100vw, 800px\" \/><\/figure><\/li><li class=\"blocks-gallery-item\"><figure><img loading=\"lazy\" width=\"1024\" height=\"683\" src=\"https:\/\/it.granchimalindi.com\/wp-content\/uploads\/2021\/04\/2041_l-1024x683.jpg\" alt=\"\" data-id=\"216\" data-link=\"https:\/\/www.malindiluxuryapartments.com\/?attachment_id=216\" class=\"wp-image-216\" srcset=\"https:\/\/it.granchimalindi.com\/wp-content\/uploads\/2021\/04\/2041_l-1024x683.jpg 1024w, https:\/\/it.granchimalindi.com\/wp-content\/uploads\/2021\/04\/2041_l-300x200.jpg 300w, https:\/\/it.granchimalindi.com\/wp-content\/uploads\/2021\/04\/2041_l-768x512.jpg 768w, https:\/\/it.granchimalindi.com\/wp-content\/uploads\/2021\/04\/2041_l.jpg 1200w\" sizes=\"(max-width: 1024px) 100vw, 1024px\" \/><\/figure><\/li><\/ul><\/figure>\n\n\n\n<div style=\"height:57px\" aria-hidden=\"true\" class=\"wp-block-spacer\"><\/div>\n","protected":false},"excerpt":{"rendered":"<p>A Malindi ci sono diverse interessanti escursioni a seconda degli interessi. SPORT \u2022 Kite surf\u2022 Immersione subacquea\u2022 Snorkeling\u2022 Golf\u2022 Campo da tennis presso una struttura vicina ESCURSIONI &#8211; NATURA:\u2022 Safari di una o pi\u00f9 notti in uno dei meravigliosi parchi del Kenya; il pi\u00f9 vicino alla propriet\u00e0 \u00e8 il parco Tsavo East. Per chi ha [&hellip;]<\/p>\n","protected":false},"author":1,"featured_media":213,"parent":0,"menu_order":0,"comment_status":"closed","ping_status":"closed","template":"template-full-width.php","meta":{"_monsterinsights_skip_tracking":false,"_monsterinsights_sitenote_active":false,"_monsterinsights_sitenote_note":"","_monsterinsights_sitenote_category":0},"_links":{"self":[{"href":"https:\/\/it.granchimalindi.com\/index.php\/wp-json\/wp\/v2\/pages\/207"}],"collection":[{"href":"https:\/\/it.granchimalindi.com\/index.php\/wp-json\/wp\/v2\/pages"}],"about":[{"href":"https:\/\/it.granchimalindi.com\/index.php\/wp-json\/wp\/v2\/types\/page"}],"author":[{"embeddable":true,"href":"https:\/\/it.granchimalindi.com\/index.php\/wp-json\/wp\/v2\/users\/1"}],"replies":[{"embeddable":true,"href":"https:\/\/it.granchimalindi.com\/index.php\/wp-json\/wp\/v2\/comments?post=207"}],"version-history":[{"count":4,"href":"https:\/\/it.granchimalindi.com\/index.php\/wp-json\/wp\/v2\/pages\/207\/revisions"}],"predecessor-version":[{"id":488,"href":"https:\/\/it.granchimalindi.com\/index.php\/wp-json\/wp\/v2\/pages\/207\/revisions\/488"}],"wp:featuredmedia":[{"embeddable":true,"href":"https:\/\/it.granchimalindi.com\/index.php\/wp-json\/wp\/v2\/media\/213"}],"wp:attachment":[{"href":"https:\/\/it.granchimalindi.com\/index.php\/wp-json\/wp\/v2\/media?parent=207"}],"curies":[{"name":"wp","href":"https:\/\/api.w.org\/{rel}","templated":true}]}}