{"id":163,"date":"2021-04-25T16:31:49","date_gmt":"2021-04-25T14:31:49","guid":{"rendered":"https:\/\/www.malindiluxoryapartments.com\/?page_id=163"},"modified":"2021-10-13T22:59:36","modified_gmt":"2021-10-13T20:59:36","slug":"granchi-malindi-resort","status":"publish","type":"page","link":"https:\/\/it.granchimalindi.com\/index.php\/granchi-malindi-resort\/","title":{"rendered":"Granchi Malindi resort"},"content":{"rendered":"\n<p>\u201cI Granchi\u201d Resort \u00e8 stato pensato per offrire serenit\u00e0 e relax, avendo tutta la libert\u00e0 di una casa singola con i comfort di una struttura organizzata.\nLa spiaggia di sabbia fine \u00e8 vicinissima al Parco Marino dal quale \u00e8 possibile partire per varie escursioni. \u00c8 un posto tranquillo e riparato sulla costa. La struttura si trova a Malindi sulla spiaggia di Casuarina, a meno di 1 km dal Parco Marino di Malindi e a 3,9 km dal pilastro di Vasco da Gama.\nIl Resort I Granchi offre sistemazioni con WiFi gratuito, aria condizionata e accesso a un giardino con piscina scoperta e piscina condominiale con fondale basso per i bambini.\n<\/p>\n\n\n\n<div style=\"height:48px\" aria-hidden=\"true\" class=\"wp-block-spacer\"><\/div>\n\n\n\n<figure class=\"wp-block-gallery columns-3 is-cropped\"><ul class=\"blocks-gallery-grid\"><li class=\"blocks-gallery-item\"><figure><img loading=\"lazy\" width=\"1024\" height=\"768\" src=\"https:\/\/www.malindiluxuryapartments.com\/wp-content\/uploads\/2021\/04\/i_granchi_resort-1024x768.jpg\" alt=\"\" data-id=\"145\" data-full-url=\"https:\/\/www.malindiluxuryapartments.com\/wp-content\/uploads\/2021\/04\/i_granchi_resort.jpg\" data-link=\"https:\/\/www.malindiluxuryapartments.com\/index.php\/i-granchi-resort\/i_granchi_resort\/\" class=\"wp-image-145\" srcset=\"https:\/\/it.granchimalindi.com\/wp-content\/uploads\/2021\/04\/i_granchi_resort-1024x768.jpg 1024w, https:\/\/it.granchimalindi.com\/wp-content\/uploads\/2021\/04\/i_granchi_resort-300x225.jpg 300w, https:\/\/it.granchimalindi.com\/wp-content\/uploads\/2021\/04\/i_granchi_resort-768x576.jpg 768w, https:\/\/it.granchimalindi.com\/wp-content\/uploads\/2021\/04\/i_granchi_resort.jpg 1152w\" sizes=\"(max-width: 1024px) 100vw, 1024px\" \/><\/figure><\/li><li class=\"blocks-gallery-item\"><figure><img loading=\"lazy\" width=\"1024\" height=\"768\" src=\"https:\/\/www.malindiluxuryapartments.com\/wp-content\/uploads\/2021\/04\/i_granchi_resort_2-1024x768.jpg\" alt=\"\" data-id=\"146\" data-full-url=\"https:\/\/www.malindiluxuryapartments.com\/wp-content\/uploads\/2021\/04\/i_granchi_resort_2.jpg\" data-link=\"https:\/\/www.malindiluxuryapartments.com\/index.php\/i-granchi-resort\/i_granchi_resort_2\/\" class=\"wp-image-146\" srcset=\"https:\/\/it.granchimalindi.com\/wp-content\/uploads\/2021\/04\/i_granchi_resort_2-1024x768.jpg 1024w, https:\/\/it.granchimalindi.com\/wp-content\/uploads\/2021\/04\/i_granchi_resort_2-300x225.jpg 300w, https:\/\/it.granchimalindi.com\/wp-content\/uploads\/2021\/04\/i_granchi_resort_2-768x576.jpg 768w, https:\/\/it.granchimalindi.com\/wp-content\/uploads\/2021\/04\/i_granchi_resort_2.jpg 1152w\" sizes=\"(max-width: 1024px) 100vw, 1024px\" \/><\/figure><\/li><li class=\"blocks-gallery-item\"><figure><img loading=\"lazy\" width=\"1024\" height=\"768\" src=\"https:\/\/www.malindiluxuryapartments.com\/wp-content\/uploads\/2021\/04\/i_granchi_resort_3-1024x768.jpg\" alt=\"\" data-id=\"147\" data-full-url=\"https:\/\/www.malindiluxuryapartments.com\/wp-content\/uploads\/2021\/04\/i_granchi_resort_3.jpg\" data-link=\"https:\/\/www.malindiluxuryapartments.com\/index.php\/i-granchi-resort\/i_granchi_resort_3\/\" class=\"wp-image-147\" srcset=\"https:\/\/it.granchimalindi.com\/wp-content\/uploads\/2021\/04\/i_granchi_resort_3-1024x768.jpg 1024w, https:\/\/it.granchimalindi.com\/wp-content\/uploads\/2021\/04\/i_granchi_resort_3-300x225.jpg 300w, https:\/\/it.granchimalindi.com\/wp-content\/uploads\/2021\/04\/i_granchi_resort_3-768x576.jpg 768w, https:\/\/it.granchimalindi.com\/wp-content\/uploads\/2021\/04\/i_granchi_resort_3.jpg 1152w\" sizes=\"(max-width: 1024px) 100vw, 1024px\" \/><\/figure><\/li><li class=\"blocks-gallery-item\"><figure><img loading=\"lazy\" width=\"1024\" height=\"768\" src=\"https:\/\/www.malindiluxuryapartments.com\/wp-content\/uploads\/2021\/04\/i_granchi_resort_4-1024x768.jpg\" alt=\"\" data-id=\"148\" data-full-url=\"https:\/\/www.malindiluxuryapartments.com\/wp-content\/uploads\/2021\/04\/i_granchi_resort_4.jpg\" data-link=\"https:\/\/www.malindiluxuryapartments.com\/index.php\/i-granchi-resort\/i_granchi_resort_4\/\" class=\"wp-image-148\" srcset=\"https:\/\/it.granchimalindi.com\/wp-content\/uploads\/2021\/04\/i_granchi_resort_4-1024x768.jpg 1024w, https:\/\/it.granchimalindi.com\/wp-content\/uploads\/2021\/04\/i_granchi_resort_4-300x225.jpg 300w, https:\/\/it.granchimalindi.com\/wp-content\/uploads\/2021\/04\/i_granchi_resort_4-768x576.jpg 768w, https:\/\/it.granchimalindi.com\/wp-content\/uploads\/2021\/04\/i_granchi_resort_4.jpg 1152w\" sizes=\"(max-width: 1024px) 100vw, 1024px\" \/><\/figure><\/li><\/ul><\/figure>\n","protected":false},"excerpt":{"rendered":"<p>\u201cI Granchi\u201d Resort \u00e8 stato pensato per offrire serenit\u00e0 e relax, avendo tutta la libert\u00e0 di una casa singola con i comfort di una struttura organizzata. La spiaggia di sabbia fine \u00e8 vicinissima al Parco Marino dal quale \u00e8 possibile partire per varie escursioni. \u00c8 un posto tranquillo e riparato sulla costa. La struttura si [&hellip;]<\/p>\n","protected":false},"author":1,"featured_media":0,"parent":0,"menu_order":0,"comment_status":"closed","ping_status":"closed","template":"template-full-width.php","meta":{"_monsterinsights_skip_tracking":false,"_monsterinsights_sitenote_active":false,"_monsterinsights_sitenote_note":"","_monsterinsights_sitenote_category":0},"_links":{"self":[{"href":"https:\/\/it.granchimalindi.com\/index.php\/wp-json\/wp\/v2\/pages\/163"}],"collection":[{"href":"https:\/\/it.granchimalindi.com\/index.php\/wp-json\/wp\/v2\/pages"}],"about":[{"href":"https:\/\/it.granchimalindi.com\/index.php\/wp-json\/wp\/v2\/types\/page"}],"author":[{"embeddable":true,"href":"https:\/\/it.granchimalindi.com\/index.php\/wp-json\/wp\/v2\/users\/1"}],"replies":[{"embeddable":true,"href":"https:\/\/it.granchimalindi.com\/index.php\/wp-json\/wp\/v2\/comments?post=163"}],"version-history":[{"count":1,"href":"https:\/\/it.granchimalindi.com\/index.php\/wp-json\/wp\/v2\/pages\/163\/revisions"}],"predecessor-version":[{"id":457,"href":"https:\/\/it.granchimalindi.com\/index.php\/wp-json\/wp\/v2\/pages\/163\/revisions\/457"}],"wp:attachment":[{"href":"https:\/\/it.granchimalindi.com\/index.php\/wp-json\/wp\/v2\/media?parent=163"}],"curies":[{"name":"wp","href":"https:\/\/api.w.org\/{rel}","templated":true}]}}