{"id":15,"date":"2021-04-15T15:11:31","date_gmt":"2021-04-15T13:11:31","guid":{"rendered":"https:\/\/www.malindiluxoryapartments.com\/?page_id=15"},"modified":"2021-10-13T22:25:03","modified_gmt":"2021-10-13T20:25:03","slug":"home-page","status":"publish","type":"page","link":"https:\/\/it.granchimalindi.com\/","title":{"rendered":"HomePage"},"content":{"rendered":"\n<div style=\"height:61px\" aria-hidden=\"true\" class=\"wp-block-spacer\"><\/div>\n\n\n\n<h1 class=\"has-text-align-center\">Granchi Malindi, un Sogno che si Avvera<\/h1>\n\n\n\n<div style=\"height:49px\" aria-hidden=\"true\" class=\"wp-block-spacer\"><\/div>\n\n\n\n<p class=\"has-text-align-center\">Un resort di lusso di fronte alla spiaggia, in un bellissimo contesto a meno di 1 km dal Parco Nazionale Marino di Malindi. <br>7 appartamenti completamente attrezzati per il vostro relax e comfort.<\/p>\n\n\n\n<p class=\"has-text-align-center\"><\/p>\n\n\n\n<div style=\"height:95px\" aria-hidden=\"true\" class=\"wp-block-spacer\"><\/div>\n\n\n\n<div class=\"wp-block-media-text alignwide is-stacked-on-mobile\"><figure class=\"wp-block-media-text__media\"><img loading=\"lazy\" width=\"1024\" height=\"768\" src=\"https:\/\/www.malindiluxuryapartments.com\/wp-content\/uploads\/2021\/04\/appartamento-con-ingresso.jpg\" alt=\"\" class=\"wp-image-73 size-full\" srcset=\"https:\/\/it.granchimalindi.com\/wp-content\/uploads\/2021\/04\/appartamento-con-ingresso.jpg 1024w, https:\/\/it.granchimalindi.com\/wp-content\/uploads\/2021\/04\/appartamento-con-ingresso-300x225.jpg 300w, https:\/\/it.granchimalindi.com\/wp-content\/uploads\/2021\/04\/appartamento-con-ingresso-768x576.jpg 768w\" sizes=\"(max-width: 1024px) 100vw, 1024px\" \/><\/figure><div class=\"wp-block-media-text__content\">\n<h2>Granchi Resort<\/h2>\n<p>Design ultramoderno che \u00e8 anche una perfetta combinazione tra creativit\u00e0 architettonica e costruzione attenta all&#8217;ambiente. <br>Ogni unit\u00e0 de i Granchi Resort \u00e8 stata creata nel pieno rispetto della tradizione indigena, facendo uso di tecniche e materiali locali; dal pavimento in &#8220;Tarazo&#8221; all&#8217;intonaco realizzato con metodo &#8220;Niru&#8221;, dalle finestre in vetro stile locale al tetto con travi in \u200b\u200bCasuarina, il tipico albero utilizzato in Kenya per costruire i tetti in makuti.<\/p>\n<\/div><\/div>\n\n\n\n<h2 class=\"alignwide has-text-align-wide has-gigantic-font-size\" style=\"line-height:1.1\"><\/h2>\n\n\n\n<p><\/p>\n\n\n\n<div class=\"wp-block-media-text alignwide has-media-on-the-right is-stacked-on-mobile\"><figure class=\"wp-block-media-text__media\"><img loading=\"lazy\" width=\"1024\" height=\"768\" src=\"https:\/\/it.granchimalindi.com\/wp-content\/uploads\/2021\/10\/Granchi_Profile_02-low_2.jpg\" alt=\"\" class=\"wp-image-475 size-full\" srcset=\"https:\/\/it.granchimalindi.com\/wp-content\/uploads\/2021\/10\/Granchi_Profile_02-low_2.jpg 1024w, https:\/\/it.granchimalindi.com\/wp-content\/uploads\/2021\/10\/Granchi_Profile_02-low_2-300x225.jpg 300w, https:\/\/it.granchimalindi.com\/wp-content\/uploads\/2021\/10\/Granchi_Profile_02-low_2-768x576.jpg 768w\" sizes=\"(max-width: 1024px) 100vw, 1024px\" \/><\/figure><div class=\"wp-block-media-text__content\">\n<h2>Granchi Resort<\/h2><p>Il prestigioso complesso i Granchi \u00e8 situato in una posizione magica a picco sul mare, all\u2019interno del famoso Parco Marino di Malindi. Sorge in una bellissima baia, una striscia di terra che fronteggia l\u2019Oceano Indiano con palme e baobab secolari. Il giardino \u00e8 pieno di fiori, vegetazione lussureggiante e bouganville<\/p>\n<\/div><\/div>\n\n\n\n<div style=\"height:130px\" aria-hidden=\"true\" class=\"wp-block-spacer\"><\/div>\n\n\n\n<h1 class=\"has-text-align-center\">Granchi: Serenit\u00e0 e Relax<\/h1>\n\n\n\n<div style=\"height:82px\" aria-hidden=\"true\" class=\"wp-block-spacer\"><\/div>\n\n\n\n<div class=\"wp-block-columns alignwide are-vertically-aligned-top\">\n<div class=\"wp-block-column is-vertically-aligned-top\">\n<p>\u201cGranchi\u201d Malindi Resort \u00e8 stato pensato per offrire serenit\u00e0 e relax, avendo tutta la libert\u00e0 di una casa singola con i comfort di una struttura organizzata.\nLo staff \u00e8 pronto a trovare la migliore soluzione secondo i bisogni individuali<\/p>\n<\/div>\n\n\n\n<div class=\"wp-block-column is-vertically-aligned-top\">\n<p>La spiaggia di sabbia fine \u00e8 vicinissima al Parco Marino dal quale \u00e8 possibile partire per varie escursioni. \n\u00c8 un posto tranquillo e riparato sulla costa. La struttura si trova a Malindi sulla spiaggia di Casuarina, a meno di 1 km dal Parco Marino di Malindi e a 3,9 km dal pilastro di Vasco da Gama.<\/p><p><\/p>\n<\/div>\n\n\n\n<div class=\"wp-block-column is-vertically-aligned-top\">\n<p>Granchi Malindi Resort offre sistemazioni con WiFi gratuito, aria condizionata e accesso a un giardino con piscina scoperta e piscina condominiale con fondale basso per i bambini.<\/p>\n<\/div>\n<\/div>\n\n\n\n<div style=\"height:44px\" aria-hidden=\"true\" class=\"wp-block-spacer\"><\/div>\n","protected":false},"excerpt":{"rendered":"<p>Granchi Malindi, un Sogno che si Avvera Un resort di lusso di fronte alla spiaggia, in un bellissimo contesto a meno di 1 km dal Parco Nazionale Marino di Malindi. 7 appartamenti completamente attrezzati per il vostro relax e comfort. Granchi Resort Design ultramoderno che \u00e8 anche una perfetta combinazione tra creativit\u00e0 architettonica e costruzione [&hellip;]<\/p>\n","protected":false},"author":1,"featured_media":0,"parent":0,"menu_order":0,"comment_status":"closed","ping_status":"closed","template":"template-full-width.php","meta":{"_monsterinsights_skip_tracking":false,"_monsterinsights_sitenote_active":false,"_monsterinsights_sitenote_note":"","_monsterinsights_sitenote_category":0},"_links":{"self":[{"href":"https:\/\/it.granchimalindi.com\/index.php\/wp-json\/wp\/v2\/pages\/15"}],"collection":[{"href":"https:\/\/it.granchimalindi.com\/index.php\/wp-json\/wp\/v2\/pages"}],"about":[{"href":"https:\/\/it.granchimalindi.com\/index.php\/wp-json\/wp\/v2\/types\/page"}],"author":[{"embeddable":true,"href":"https:\/\/it.granchimalindi.com\/index.php\/wp-json\/wp\/v2\/users\/1"}],"replies":[{"embeddable":true,"href":"https:\/\/it.granchimalindi.com\/index.php\/wp-json\/wp\/v2\/comments?post=15"}],"version-history":[{"count":4,"href":"https:\/\/it.granchimalindi.com\/index.php\/wp-json\/wp\/v2\/pages\/15\/revisions"}],"predecessor-version":[{"id":482,"href":"https:\/\/it.granchimalindi.com\/index.php\/wp-json\/wp\/v2\/pages\/15\/revisions\/482"}],"wp:attachment":[{"href":"https:\/\/it.granchimalindi.com\/index.php\/wp-json\/wp\/v2\/media?parent=15"}],"curies":[{"name":"wp","href":"https:\/\/api.w.org\/{rel}","templated":true}]}}